{"id":20875,"date":"2025-03-10T11:05:02","date_gmt":"2025-03-10T11:05:02","guid":{"rendered":"https:\/\/bikesulgest.com\/portugal-2020\/"},"modified":"2025-03-27T12:47:44","modified_gmt":"2025-03-27T12:47:44","slug":"portugal-2020","status":"publish","type":"page","link":"https:\/\/bikesultoursgest.com\/en\/portugal-2020\/","title":{"rendered":"Portugal 2020"},"content":{"rendered":"\n<p><strong>Designa\u00e7\u00e3o do Projeto |\u00a0<\/strong>Bikesul keep on going &#8211; bike tours<br\/><strong>C\u00f3digo do Projeto |\u00a0<\/strong>ALG-02-0853-FEDER-022689<br\/><strong>Objetivo Principal |\u00a0<\/strong>Refor\u00e7ar a Competitividade das Pequenas e M\u00e9dias Empresas.<br\/><strong>Regi\u00e3o de Interven\u00e7\u00e3o |\u00a0<\/strong>Algarve<br\/><strong>Entidade Benefici\u00e1ria |\u00a0<\/strong>Bikesul, Unipessoal, Lda.<br\/>\u00a0<br\/><strong>Data de Aprova\u00e7\u00e3o |\u00a0<\/strong>2016-11-29<br\/><strong>Data de In\u00edcio |\u00a0<\/strong>2016-11-01<br\/><strong>Data de Conclus\u00e3o |\u00a0<\/strong>2017-10-31<br\/><strong>Custo Total Eleg\u00edvel |\u00a0<\/strong>\u20ac299.561,37<br\/><strong>Apoio Financeiro da U.E. |\u00a0<\/strong>\u20ac209.692,96<br\/><strong>Apoio Financeiro P\u00fablico Nacional\/Regional (quando aplic\u00e1vel) |\u00a0<\/strong>n\/aplic\u00e1vel<\/p>\n\n<figure class=\"wp-block-image size-full\"><img decoding=\"async\" width=\"569\" height=\"55\" src=\"https:\/\/bikesultoursgest.com\/wp-content\/uploads\/2025\/03\/p2020-2.png\" alt=\"\" class=\"wp-image-19082\" srcset=\"https:\/\/bikesultoursgest.com\/wp-content\/uploads\/2025\/03\/p2020-2.png 569w, https:\/\/bikesultoursgest.com\/wp-content\/uploads\/2025\/03\/p2020-2-430x42.png 430w, https:\/\/bikesultoursgest.com\/wp-content\/uploads\/2025\/03\/p2020-2-150x14.png 150w, https:\/\/bikesultoursgest.com\/wp-content\/uploads\/2025\/03\/p2020-2-400x39.png 400w\" sizes=\"(max-width: 569px) 100vw, 569px\" \/><\/figure>\n\n<p><strong>Objetivos, atividades e resultados esperados \/ atingidos<\/strong><\/p>\n\n<p>O projeto apresenta uma taxa de execu\u00e7\u00e3o de 99,33%. Consideramos que a realiza\u00e7\u00e3o do investimento permitir\u00e1 atingir os objetivos da empresa, nomeadamente, a realiza\u00e7\u00e3o de tours de bicicleta com guia e sem guia.<br\/>A empresa atingiu os objetivos do desenvolvimento do projeto de investimento concretizando a aquisi\u00e7\u00e3o do material produtivo (foram adquiridas bicicletas de diferentes tipologias \u2013 estrada, btt, el\u00e9tricas, e de diferentes tamanhos, e equipamento\/acess\u00f3rios), bem como, investimento imaterial na cria\u00e7\u00e3o do plano de marketing que orienta a estrat\u00e9gia da empresa e em alguns suportes online (website, aplica\u00e7\u00e3o e marketing online).<\/p>\n\n<hr class=\"wp-block-separator has-alpha-channel-opacity\"\/>\n\n<p><strong>Designa\u00e7\u00e3o do Projeto |\u00a0<\/strong>Bikesul International<br\/><strong>C\u00f3digo do Projeto |\u00a0<\/strong>ALG-02-0752-FEDER-034719<br\/><strong>Objetivo Principal |\u00a0<\/strong>Refor\u00e7ar a Competitividade das Pequenas e M\u00e9dias Empresas.<br\/><strong>Regi\u00e3o de Interven\u00e7\u00e3o |\u00a0<\/strong>Algarve<br\/><strong>Entidade Benefici\u00e1ria |\u00a0<\/strong>Bikesul, Unipessoal, Lda.<br\/>\u00a0<br\/><strong>Data de Aprova\u00e7\u00e3o |\u00a0<\/strong>2018-09-18<br\/><strong>Data de In\u00edcio |\u00a0<\/strong>2019-02-28<br\/><strong>Data de Conclus\u00e3o |\u00a0<\/strong>2022-10-13<br\/><strong>Custo Total Eleg\u00edvel |\u00a0<\/strong>\u20ac244.285,00<br\/><strong>Apoio Financeiro da U.E. |\u00a0<\/strong>\u20ac109.928,25<br\/><strong>Apoio Financeiro P\u00fablico Nacional\/Regional (quando aplic\u00e1vel) |\u00a0<\/strong>n\/aplic\u00e1vel<\/p>\n\n<figure class=\"wp-block-image size-full\"><img decoding=\"async\" width=\"569\" height=\"55\" src=\"https:\/\/bikesultoursgest.com\/wp-content\/uploads\/2025\/02\/p2020.png\" alt=\"\" class=\"wp-image-19078\" srcset=\"https:\/\/bikesultoursgest.com\/wp-content\/uploads\/2025\/02\/p2020.png 569w, https:\/\/bikesultoursgest.com\/wp-content\/uploads\/2025\/02\/p2020-430x42.png 430w, https:\/\/bikesultoursgest.com\/wp-content\/uploads\/2025\/02\/p2020-150x14.png 150w, https:\/\/bikesultoursgest.com\/wp-content\/uploads\/2025\/02\/p2020-400x39.png 400w\" sizes=\"(max-width: 569px) 100vw, 569px\" \/><\/figure>\n\n<p><strong>Objetivos, atividades e resultados esperados \/ atingidos<\/strong><\/p>\n\n<p>Pretende-se explorar as oportunidades a n\u00edvel dos principais mercados emissores de turistas para os segmentos de cicloturismo e walking.<br\/>Este investimento \u00e9 a consequ\u00eancia dos resultados obtidos no seguimento da consultoria para a\u00a0internacionaliza\u00e7\u00e3o realizada no \u00e2mbito do Vale Internacionaliza\u00e7\u00e3o.<br\/>Os principais\u00a0objetivos que se esperam obter com a realiza\u00e7\u00e3o destes investimentos s\u00e3o:<\/p>\n\n<p>1- Aumento do volume de vendas para no mercado externo,<br\/>2- Aumento da notoriedade e competitividade da empresa nos mercados externos\u00a0selecionados,<br\/>3-Contratualiza\u00e7\u00e3o com operadores tur\u00edsticos e ag\u00eancias de viagens internacionais.<\/p>\n\n<p>O investimento internacional vai-se concentrar em rubricas distintas que se esperam ir ao encontro dos segmentos de mercado identificados, bem como,\u00a0permitir\u00e3o a exposi\u00e7\u00e3o da empresa junto dos potenciais revendedores\/operadores\u00a0tur\u00edsticos.<br\/>________________________________________________________________________________________________________________<\/p>\n\n<figure class=\"wp-block-image size-full\"><img decoding=\"async\" width=\"569\" height=\"55\" src=\"https:\/\/bikesultoursgest.com\/wp-content\/uploads\/2025\/03\/p2020-2.png\" alt=\"\" class=\"wp-image-19082\" srcset=\"https:\/\/bikesultoursgest.com\/wp-content\/uploads\/2025\/03\/p2020-2.png 569w, https:\/\/bikesultoursgest.com\/wp-content\/uploads\/2025\/03\/p2020-2-430x42.png 430w, https:\/\/bikesultoursgest.com\/wp-content\/uploads\/2025\/03\/p2020-2-150x14.png 150w, https:\/\/bikesultoursgest.com\/wp-content\/uploads\/2025\/03\/p2020-2-400x39.png 400w\" sizes=\"(max-width: 569px) 100vw, 569px\" \/><\/figure>\n\n<p><strong>Designa\u00e7\u00e3o do Projeto|\u00a0<\/strong>ADAPTAR PME<br\/><strong>C\u00f3digo do Projeto|\u00a0<\/strong>ALG-02-08B9-FEDER-071886<br\/><strong>Objetivo Principal |<\/strong>OT3- Refor\u00e7ar a competitividade das PME<br\/><strong>Regi\u00e3o de Interven\u00e7\u00e3o|<\/strong>\u00a0Algarve<br\/><strong>Entidade \u00a0Benefici\u00e1ria |<\/strong>Bikesul, Unipessoal, Lda.<br\/><strong>Data de Aprova\u00e7\u00e3o |\u00a0<\/strong>09\/07\/2020<br\/><strong>Data de In\u00edcio |\u00a0<\/strong>01\/07\/2020<br\/><strong>Data de Conclus\u00e3o |3<\/strong>1-12-2020<br\/><strong>Custo Total eleg\u00edvel |<\/strong>39.095 euros<br\/><strong>Apoio Financeiro da Uni\u00e3o Europeia |<\/strong>19.547,50 euros<br\/><strong>Objetivos, Atividades e Resultados Esperados\/Atingidos |\u00a0<\/strong>Adapta\u00e7\u00e3o da atividade com novos m\u00e9todos de organiza\u00e7\u00e3o do trabalho e de relacionamento com clientes, cumprindo as normas e recomenda\u00e7\u00f5es das Autoridades de Sa\u00fade para controlar a pandemia COVID-19.<\/p>\n","protected":false},"excerpt":{"rendered":"<p>Designa\u00e7\u00e3o do Projeto |\u00a0Bikesul keep on going &#8211; bike toursC\u00f3digo do Projeto |\u00a0ALG-02-0853-FEDER-022689Objetivo Principal |\u00a0Refor\u00e7ar a Competitividade das Pequenas e<\/p>\n","protected":false},"author":1,"featured_media":0,"parent":0,"menu_order":0,"comment_status":"closed","ping_status":"closed","template":"","meta":{"_acf_changed":false,"footnotes":""},"class_list":["post-20875","page","type-page","status-publish","hentry"],"acf":[],"yoast_head":"<!-- This site is optimized with the Yoast SEO plugin v27.1.1 - https:\/\/yoast.com\/product\/yoast-seo-wordpress\/ -->\n<title>Portugal 2020 - Bikesul<\/title>\n<meta name=\"robots\" content=\"noindex, follow, max-snippet:-1, max-image-preview:large, max-video-preview:-1\" \/>\n<meta property=\"og:locale\" content=\"en_US\" \/>\n<meta property=\"og:type\" content=\"article\" \/>\n<meta property=\"og:title\" content=\"Portugal 2020 - Bikesul\" \/>\n<meta property=\"og:description\" content=\"Designa\u00e7\u00e3o do Projeto |\u00a0Bikesul keep on going &#8211; bike toursC\u00f3digo do Projeto |\u00a0ALG-02-0853-FEDER-022689Objetivo Principal |\u00a0Refor\u00e7ar a Competitividade das Pequenas e\" \/>\n<meta property=\"og:url\" content=\"https:\/\/bikesultoursgest.com\/portugal-2020\/\" \/>\n<meta property=\"og:site_name\" content=\"Bikesul\" \/>\n<meta property=\"article:modified_time\" content=\"2025-03-27T12:47:44+00:00\" \/>\n<meta property=\"og:image\" content=\"https:\/\/bikesultoursgest.com\/wp-content\/uploads\/2025\/03\/p2020-2.png\" \/>\n\t<meta property=\"og:image:width\" content=\"569\" \/>\n\t<meta property=\"og:image:height\" content=\"55\" \/>\n\t<meta property=\"og:image:type\" content=\"image\/png\" \/>\n<meta name=\"twitter:card\" content=\"summary_large_image\" \/>\n<meta name=\"twitter:label1\" content=\"Est. reading time\" \/>\n\t<meta name=\"twitter:data1\" content=\"2 minutes\" \/>\n<script type=\"application\/ld+json\" class=\"yoast-schema-graph\">{\"@context\":\"https:\/\/schema.org\",\"@graph\":[{\"@type\":\"WebPage\",\"@id\":\"https:\/\/bikesultoursgest.com\/portugal-2020\/\",\"url\":\"https:\/\/bikesultoursgest.com\/portugal-2020\/\",\"name\":\"Portugal 2020 - Bikesul\",\"isPartOf\":{\"@id\":\"https:\/\/bikesultoursgest.com\/#website\"},\"primaryImageOfPage\":{\"@id\":\"https:\/\/bikesultoursgest.com\/portugal-2020\/#primaryimage\"},\"image\":{\"@id\":\"https:\/\/bikesultoursgest.com\/portugal-2020\/#primaryimage\"},\"thumbnailUrl\":\"https:\/\/bikesultoursgest.com\/wp-content\/uploads\/2025\/03\/p2020-2.png\",\"datePublished\":\"2025-03-10T11:05:02+00:00\",\"dateModified\":\"2025-03-27T12:47:44+00:00\",\"breadcrumb\":{\"@id\":\"https:\/\/bikesultoursgest.com\/portugal-2020\/#breadcrumb\"},\"inLanguage\":\"en-US\",\"potentialAction\":[{\"@type\":\"ReadAction\",\"target\":[\"https:\/\/bikesultoursgest.com\/portugal-2020\/\"]}]},{\"@type\":\"ImageObject\",\"inLanguage\":\"en-US\",\"@id\":\"https:\/\/bikesultoursgest.com\/portugal-2020\/#primaryimage\",\"url\":\"https:\/\/bikesultoursgest.com\/wp-content\/uploads\/2025\/03\/p2020-2.png\",\"contentUrl\":\"https:\/\/bikesultoursgest.com\/wp-content\/uploads\/2025\/03\/p2020-2.png\"},{\"@type\":\"BreadcrumbList\",\"@id\":\"https:\/\/bikesultoursgest.com\/portugal-2020\/#breadcrumb\",\"itemListElement\":[{\"@type\":\"ListItem\",\"position\":1,\"name\":\"In\u00edcio\",\"item\":\"https:\/\/bikesultoursgest.com\/en\/\"},{\"@type\":\"ListItem\",\"position\":2,\"name\":\"Portugal 2020\"}]},{\"@type\":\"WebSite\",\"@id\":\"https:\/\/bikesultoursgest.com\/#website\",\"url\":\"https:\/\/bikesultoursgest.com\/\",\"name\":\"Bikesul\",\"description\":\"Bike Tours, Rent a Bike, Shop &amp; Repairs\",\"publisher\":{\"@id\":\"https:\/\/bikesultoursgest.com\/#organization\"},\"potentialAction\":[{\"@type\":\"SearchAction\",\"target\":{\"@type\":\"EntryPoint\",\"urlTemplate\":\"https:\/\/bikesultoursgest.com\/?s={search_term_string}\"},\"query-input\":{\"@type\":\"PropertyValueSpecification\",\"valueRequired\":true,\"valueName\":\"search_term_string\"}}],\"inLanguage\":\"en-US\"},{\"@type\":\"Organization\",\"@id\":\"https:\/\/bikesultoursgest.com\/#organization\",\"name\":\"Bikesul\",\"url\":\"https:\/\/bikesultoursgest.com\/\",\"logo\":{\"@type\":\"ImageObject\",\"inLanguage\":\"en-US\",\"@id\":\"https:\/\/bikesultoursgest.com\/#\/schema\/logo\/image\/\",\"url\":\"https:\/\/bikesultoursgest.com\/wp-content\/uploads\/2025\/02\/cropped-Branco-5.png\",\"contentUrl\":\"https:\/\/bikesultoursgest.com\/wp-content\/uploads\/2025\/02\/cropped-Branco-5.png\",\"width\":1920,\"height\":584,\"caption\":\"Bikesul\"},\"image\":{\"@id\":\"https:\/\/bikesultoursgest.com\/#\/schema\/logo\/image\/\"}}]}<\/script>\n<!-- \/ Yoast SEO plugin. -->","yoast_head_json":{"title":"Portugal 2020 - Bikesul","robots":{"index":"noindex","follow":"follow","max-snippet":"max-snippet:-1","max-image-preview":"max-image-preview:large","max-video-preview":"max-video-preview:-1"},"og_locale":"en_US","og_type":"article","og_title":"Portugal 2020 - Bikesul","og_description":"Designa\u00e7\u00e3o do Projeto |\u00a0Bikesul keep on going &#8211; bike toursC\u00f3digo do Projeto |\u00a0ALG-02-0853-FEDER-022689Objetivo Principal |\u00a0Refor\u00e7ar a Competitividade das Pequenas e","og_url":"https:\/\/bikesultoursgest.com\/portugal-2020\/","og_site_name":"Bikesul","article_modified_time":"2025-03-27T12:47:44+00:00","og_image":[{"width":569,"height":55,"url":"https:\/\/bikesultoursgest.com\/wp-content\/uploads\/2025\/03\/p2020-2.png","type":"image\/png"}],"twitter_card":"summary_large_image","twitter_misc":{"Est. reading time":"2 minutes"},"schema":{"@context":"https:\/\/schema.org","@graph":[{"@type":"WebPage","@id":"https:\/\/bikesultoursgest.com\/portugal-2020\/","url":"https:\/\/bikesultoursgest.com\/portugal-2020\/","name":"Portugal 2020 - Bikesul","isPartOf":{"@id":"https:\/\/bikesultoursgest.com\/#website"},"primaryImageOfPage":{"@id":"https:\/\/bikesultoursgest.com\/portugal-2020\/#primaryimage"},"image":{"@id":"https:\/\/bikesultoursgest.com\/portugal-2020\/#primaryimage"},"thumbnailUrl":"https:\/\/bikesultoursgest.com\/wp-content\/uploads\/2025\/03\/p2020-2.png","datePublished":"2025-03-10T11:05:02+00:00","dateModified":"2025-03-27T12:47:44+00:00","breadcrumb":{"@id":"https:\/\/bikesultoursgest.com\/portugal-2020\/#breadcrumb"},"inLanguage":"en-US","potentialAction":[{"@type":"ReadAction","target":["https:\/\/bikesultoursgest.com\/portugal-2020\/"]}]},{"@type":"ImageObject","inLanguage":"en-US","@id":"https:\/\/bikesultoursgest.com\/portugal-2020\/#primaryimage","url":"https:\/\/bikesultoursgest.com\/wp-content\/uploads\/2025\/03\/p2020-2.png","contentUrl":"https:\/\/bikesultoursgest.com\/wp-content\/uploads\/2025\/03\/p2020-2.png"},{"@type":"BreadcrumbList","@id":"https:\/\/bikesultoursgest.com\/portugal-2020\/#breadcrumb","itemListElement":[{"@type":"ListItem","position":1,"name":"In\u00edcio","item":"https:\/\/bikesultoursgest.com\/en\/"},{"@type":"ListItem","position":2,"name":"Portugal 2020"}]},{"@type":"WebSite","@id":"https:\/\/bikesultoursgest.com\/#website","url":"https:\/\/bikesultoursgest.com\/","name":"Bikesul","description":"Bike Tours, Rent a Bike, Shop &amp; Repairs","publisher":{"@id":"https:\/\/bikesultoursgest.com\/#organization"},"potentialAction":[{"@type":"SearchAction","target":{"@type":"EntryPoint","urlTemplate":"https:\/\/bikesultoursgest.com\/?s={search_term_string}"},"query-input":{"@type":"PropertyValueSpecification","valueRequired":true,"valueName":"search_term_string"}}],"inLanguage":"en-US"},{"@type":"Organization","@id":"https:\/\/bikesultoursgest.com\/#organization","name":"Bikesul","url":"https:\/\/bikesultoursgest.com\/","logo":{"@type":"ImageObject","inLanguage":"en-US","@id":"https:\/\/bikesultoursgest.com\/#\/schema\/logo\/image\/","url":"https:\/\/bikesultoursgest.com\/wp-content\/uploads\/2025\/02\/cropped-Branco-5.png","contentUrl":"https:\/\/bikesultoursgest.com\/wp-content\/uploads\/2025\/02\/cropped-Branco-5.png","width":1920,"height":584,"caption":"Bikesul"},"image":{"@id":"https:\/\/bikesultoursgest.com\/#\/schema\/logo\/image\/"}}]}},"_links":{"self":[{"href":"https:\/\/bikesultoursgest.com\/en\/wp-json\/wp\/v2\/pages\/20875","targetHints":{"allow":["GET"]}}],"collection":[{"href":"https:\/\/bikesultoursgest.com\/en\/wp-json\/wp\/v2\/pages"}],"about":[{"href":"https:\/\/bikesultoursgest.com\/en\/wp-json\/wp\/v2\/types\/page"}],"author":[{"embeddable":true,"href":"https:\/\/bikesultoursgest.com\/en\/wp-json\/wp\/v2\/users\/1"}],"replies":[{"embeddable":true,"href":"https:\/\/bikesultoursgest.com\/en\/wp-json\/wp\/v2\/comments?post=20875"}],"version-history":[{"count":0,"href":"https:\/\/bikesultoursgest.com\/en\/wp-json\/wp\/v2\/pages\/20875\/revisions"}],"wp:attachment":[{"href":"https:\/\/bikesultoursgest.com\/en\/wp-json\/wp\/v2\/media?parent=20875"}],"curies":[{"name":"wp","href":"https:\/\/api.w.org\/{rel}","templated":true}]}}