{"id":20731,"date":"2025-03-12T16:02:53","date_gmt":"2025-03-12T16:02:53","guid":{"rendered":"https:\/\/bikesulgest.com\/produto\/carvoeiro-silves-road-tour\/"},"modified":"2025-12-22T16:18:03","modified_gmt":"2025-12-22T16:18:03","slug":"carvoeiro-silves-road-tour","status":"publish","type":"product","link":"https:\/\/bikesultoursgest.com\/en\/produto\/carvoeiro-silves-road-tour\/","title":{"rendered":"Carvoeiro &#038; Silves \u2013 Road Tour"},"content":{"rendered":"<p class=\"\" data-start=\"0\" data-end=\"131\"><strong data-start=\"0\" data-end=\"34\">Carvoeiro &amp; Silves \u2013 Road Tour<\/strong><br data-start=\"34\" data-end=\"37\" \/><strong data-start=\"37\" data-end=\"131\">A Guided Ride to Discover the Famous Village of Carvoeiro and the Historic City of Silves!<\/strong><\/p>\n<p class=\"\" data-start=\"133\" data-end=\"309\">This activity can be scheduled for another date and time, subject to availability. (Minimum 4 participants).<br data-start=\"241\" data-end=\"244\" \/>For more information, contact us at: <strong data-start=\"281\" data-end=\"309\"><a class=\"cursor-pointer\" rel=\"noopener\" data-start=\"283\" data-end=\"307\">tours.rentals@bikesul.pt<\/a><\/strong><\/p>\n<p class=\"\" data-start=\"311\" data-end=\"468\"><strong data-start=\"311\" data-end=\"324\">Duration:<\/strong> 3h<br data-start=\"327\" data-end=\"330\" \/><strong data-start=\"330\" data-end=\"344\">Tour Type:<\/strong> Guided<br data-start=\"351\" data-end=\"354\" \/><strong data-start=\"354\" data-end=\"364\">Level:<\/strong> Intermediate<br data-start=\"377\" data-end=\"380\" \/><strong data-start=\"380\" data-end=\"390\">Style:<\/strong> Road<br data-start=\"395\" data-end=\"398\" \/><strong data-start=\"398\" data-end=\"411\">Distance:<\/strong> approx. 76 km \/ 47.2 miles<br data-start=\"438\" data-end=\"441\" \/><strong data-start=\"441\" data-end=\"460\">Elevation Gain:<\/strong> 450 m<\/p>\n<hr class=\"\" data-start=\"470\" data-end=\"473\" \/>\n<h3 class=\"\" data-start=\"475\" data-end=\"494\"><strong data-start=\"479\" data-end=\"492\">Itinerary<\/strong><\/h3>\n<p class=\"\" data-start=\"495\" data-end=\"569\"><strong data-start=\"495\" data-end=\"513\">Meeting Point:<\/strong> Bikesul<br data-start=\"521\" data-end=\"524\" \/><strong data-start=\"524\" data-end=\"539\">Start Time:<\/strong> 10:00<br data-start=\"545\" data-end=\"548\" \/><strong data-start=\"548\" data-end=\"561\">End Time:<\/strong> 13:30<\/p>\n<h3 class=\"\" data-start=\"576\" data-end=\"597\"><strong data-start=\"580\" data-end=\"595\">Description<\/strong><\/h3>\n<p class=\"\" data-start=\"598\" data-end=\"811\">The <strong data-start=\"602\" data-end=\"613\">Algarve<\/strong> is world-renowned for its white sandy beaches and crystal-clear waters. On this tour, you\u2019ll ride through several coastal towns\u2014from <strong data-start=\"747\" data-end=\"766\">Arma\u00e7\u00e3o de P\u00eara<\/strong> to the <strong data-start=\"774\" data-end=\"789\">Arade River<\/strong>, near <strong data-start=\"796\" data-end=\"808\">Portim\u00e3o<\/strong>.<\/p>\n<p class=\"\" data-start=\"813\" data-end=\"1055\">One of the highlights is <strong data-start=\"838\" data-end=\"851\">Carvoeiro<\/strong>, home to one of the Algarve\u2019s most iconic beaches. As you reach <strong data-start=\"916\" data-end=\"929\">Ferragudo<\/strong>, a fishing village by the sea, you\u2019ll admire its charming white houses stacked along the hillside beneath the local church.<\/p>\n<p class=\"\" data-start=\"1057\" data-end=\"1317\">Leaving the busier coastal area, the route continues with a gentle and steady climb along a peaceful rural road with scenic views over the <strong data-start=\"1196\" data-end=\"1211\">Arade River<\/strong> and the mountains\u2014leading you to <strong data-start=\"1245\" data-end=\"1255\">Silves<\/strong>, a historic city known for its impressive hilltop <strong data-start=\"1306\" data-end=\"1316\">castle<\/strong>.<\/p>\n<h3 class=\"\" data-start=\"1324\" data-end=\"1344\"><strong data-start=\"1328\" data-end=\"1342\">Highlights<\/strong><\/h3>\n<ul data-start=\"1345\" data-end=\"1444\">\n<li class=\"\" data-start=\"1345\" data-end=\"1368\">\n<p class=\"\" data-start=\"1347\" data-end=\"1368\"><strong data-start=\"1347\" data-end=\"1366\">Carvoeiro Beach<\/strong><\/p>\n<\/li>\n<li class=\"\" data-start=\"1369\" data-end=\"1390\">\n<p class=\"\" data-start=\"1371\" data-end=\"1390\"><strong data-start=\"1371\" data-end=\"1388\">Silves Castle<\/strong><\/p>\n<\/li>\n<li class=\"\" data-start=\"1391\" data-end=\"1444\">\n<p class=\"\" data-start=\"1393\" data-end=\"1444\"><strong data-start=\"1393\" data-end=\"1412\">Arma\u00e7\u00e3o de P\u00eara<\/strong>, <strong data-start=\"1414\" data-end=\"1427\">Ferragudo<\/strong>, and <strong data-start=\"1433\" data-end=\"1444\">Parchal<\/strong><\/p>\n<\/li>\n<\/ul>\n<hr class=\"\" data-start=\"1446\" data-end=\"1449\" \/>\n<h3 class=\"\" data-start=\"1451\" data-end=\"1478\"><strong data-start=\"1455\" data-end=\"1476\">Included Services<\/strong><\/h3>\n<ul data-start=\"1479\" data-end=\"1644\">\n<li class=\"\" data-start=\"1479\" data-end=\"1524\">\n<p class=\"\" data-start=\"1481\" data-end=\"1524\">Personal accident and liability insurance<\/p>\n<\/li>\n<li class=\"\" data-start=\"1525\" data-end=\"1534\">\n<p class=\"\" data-start=\"1527\" data-end=\"1534\">Guide<\/p>\n<\/li>\n<li class=\"\" data-start=\"1535\" data-end=\"1580\">\n<p class=\"\" data-start=\"1537\" data-end=\"1580\"><strong data-start=\"1537\" data-end=\"1559\">KTM Revelator 3500<\/strong> (Carbon) road bike<\/p>\n<\/li>\n<li class=\"\" data-start=\"1581\" data-end=\"1623\">\n<p class=\"\" data-start=\"1583\" data-end=\"1623\">Complimentary <strong data-start=\"1597\" data-end=\"1621\">Bikesul water bottle<\/strong><\/p>\n<\/li>\n<li class=\"\" data-start=\"1624\" data-end=\"1633\">\n<p class=\"\" data-start=\"1626\" data-end=\"1633\">Water<\/p>\n<\/li>\n<li class=\"\" data-start=\"1634\" data-end=\"1644\">\n<p class=\"\" data-start=\"1636\" data-end=\"1644\">Helmet<\/p>\n<\/li>\n<\/ul>\n<p class=\"\" data-start=\"1646\" data-end=\"1673\"><strong data-start=\"1646\" data-end=\"1662\">Minimum Age:<\/strong> 14 years<\/p>\n<p class=\"\" data-start=\"1675\" data-end=\"1702\"><strong data-start=\"1675\" data-end=\"1702\" data-is-last-node=\"\">Map &amp; Elevation Profile<\/strong><\/p>\n<p data-start=\"1675\" data-end=\"1702\"><img decoding=\"async\" src=\"https:\/\/cdn.filestackcontent.com\/tjeV2ztCQUWxYNdexR4i\" alt=\"Descri\u00e7\u00e3o da imagem\" \/><\/p>\n","protected":false},"excerpt":{"rendered":"<p>Guided tour that will take you to discover the famous town of Carvoeiro and the historic city of Silves!<\/p>\n","protected":false},"featured_media":19610,"template":"","meta":{"_acf_changed":false},"product_brand":[],"product_cat":[343,342],"product_tag":[],"class_list":{"0":"post-20731","1":"product","2":"type-product","3":"status-publish","4":"has-post-thumbnail","6":"product_cat-road-tours-en","7":"product_cat-tours-en","9":"first","10":"instock","11":"sold-individually","12":"shipping-taxable","13":"purchasable","14":"product-type-simple"},"supplier_id":null,"supplier_sku":"","barcode":null,"atum_controlled":true,"out_stock_date":null,"out_stock_threshold":null,"inheritable":false,"inbound_stock":null,"stock_on_hold":0,"sold_today":0,"sales_last_days":0,"reserved_stock":null,"customer_returns":null,"warehouse_damage":null,"lost_in_post":null,"other_logs":null,"out_stock_days":0,"lost_sales":0,"has_location":null,"update_date":"2026-04-17T06:00:19","atum_locations":[],"atum_stock_status":"instock","restock_status":false,"low_stock_amount":"","sales_update_date":"2026-04-17T06:00:19","calc_backorders":0,"mi_inventories":[150],"multi_inventory":"global","inventory_sorting_mode":"global","inventory_iteration":"global","expirable_inventories":"global","price_per_inventory":"global","show_write_off_inventories":"global","selectable_inventories":"global","selectable_inventories_mode":"global","acf":[],"yoast_head":"<!-- This site is optimized with the Yoast SEO plugin v27.1.1 - https:\/\/yoast.com\/product\/yoast-seo-wordpress\/ -->\n<title>Carvoeiro &amp; Silves \u2013 Road Tour - Bikesul<\/title>\n<meta name=\"robots\" content=\"noindex, follow, max-snippet:-1, max-image-preview:large, max-video-preview:-1\" \/>\n<meta property=\"og:locale\" content=\"en_US\" \/>\n<meta property=\"og:type\" content=\"article\" \/>\n<meta property=\"og:title\" content=\"Carvoeiro &amp; Silves \u2013 Road Tour - Bikesul\" \/>\n<meta property=\"og:description\" content=\"Guided tour that will take you to discover the famous town of Carvoeiro and the historic city of Silves!\" \/>\n<meta property=\"og:url\" content=\"https:\/\/bikesultoursgest.com\/produto\/carvoeiro-e-silves-estrada\/\" \/>\n<meta property=\"og:site_name\" content=\"Bikesul\" \/>\n<meta property=\"article:modified_time\" content=\"2025-12-22T16:18:03+00:00\" \/>\n<meta property=\"og:image\" content=\"http:\/\/bikesultoursgest.com\/wp-content\/uploads\/2025\/03\/IMG_5165.jpg\" \/>\n\t<meta property=\"og:image:width\" content=\"1000\" \/>\n\t<meta property=\"og:image:height\" content=\"667\" \/>\n\t<meta property=\"og:image:type\" content=\"image\/jpeg\" \/>\n<meta name=\"twitter:card\" content=\"summary_large_image\" \/>\n<meta name=\"twitter:label1\" content=\"Est. reading time\" \/>\n\t<meta name=\"twitter:data1\" content=\"1 minute\" \/>\n<script type=\"application\/ld+json\" class=\"yoast-schema-graph\">{\"@context\":\"https:\/\/schema.org\",\"@graph\":[{\"@type\":\"WebPage\",\"@id\":\"https:\/\/bikesultoursgest.com\/produto\/carvoeiro-e-silves-estrada\/\",\"url\":\"https:\/\/bikesultoursgest.com\/produto\/carvoeiro-e-silves-estrada\/\",\"name\":\"Carvoeiro & Silves \u2013 Road Tour - Bikesul\",\"isPartOf\":{\"@id\":\"https:\/\/bikesultoursgest.com\/#website\"},\"primaryImageOfPage\":{\"@id\":\"https:\/\/bikesultoursgest.com\/produto\/carvoeiro-e-silves-estrada\/#primaryimage\"},\"image\":{\"@id\":\"https:\/\/bikesultoursgest.com\/produto\/carvoeiro-e-silves-estrada\/#primaryimage\"},\"thumbnailUrl\":\"https:\/\/bikesultoursgest.com\/wp-content\/uploads\/2025\/03\/IMG_5165.jpg\",\"datePublished\":\"2025-03-12T16:02:53+00:00\",\"dateModified\":\"2025-12-22T16:18:03+00:00\",\"breadcrumb\":{\"@id\":\"https:\/\/bikesultoursgest.com\/produto\/carvoeiro-e-silves-estrada\/#breadcrumb\"},\"inLanguage\":\"en-US\",\"potentialAction\":[{\"@type\":\"ReadAction\",\"target\":[\"https:\/\/bikesultoursgest.com\/produto\/carvoeiro-e-silves-estrada\/\"]}]},{\"@type\":\"ImageObject\",\"inLanguage\":\"en-US\",\"@id\":\"https:\/\/bikesultoursgest.com\/produto\/carvoeiro-e-silves-estrada\/#primaryimage\",\"url\":\"https:\/\/bikesultoursgest.com\/wp-content\/uploads\/2025\/03\/IMG_5165.jpg\",\"contentUrl\":\"https:\/\/bikesultoursgest.com\/wp-content\/uploads\/2025\/03\/IMG_5165.jpg\",\"width\":1000,\"height\":667},{\"@type\":\"BreadcrumbList\",\"@id\":\"https:\/\/bikesultoursgest.com\/produto\/carvoeiro-e-silves-estrada\/#breadcrumb\",\"itemListElement\":[{\"@type\":\"ListItem\",\"position\":1,\"name\":\"In\u00edcio\",\"item\":\"https:\/\/bikesultoursgest.com\/en\/\"},{\"@type\":\"ListItem\",\"position\":2,\"name\":\"Shop\",\"item\":\"https:\/\/bikesultoursgest.com\/loja\/\"},{\"@type\":\"ListItem\",\"position\":3,\"name\":\"Carvoeiro &#038; Silves \u2013 Road Tour\"}]},{\"@type\":\"WebSite\",\"@id\":\"https:\/\/bikesultoursgest.com\/#website\",\"url\":\"https:\/\/bikesultoursgest.com\/\",\"name\":\"Bikesul\",\"description\":\"Bike Tours, Rent a Bike, Shop &amp; Repairs\",\"publisher\":{\"@id\":\"https:\/\/bikesultoursgest.com\/#organization\"},\"potentialAction\":[{\"@type\":\"SearchAction\",\"target\":{\"@type\":\"EntryPoint\",\"urlTemplate\":\"https:\/\/bikesultoursgest.com\/?s={search_term_string}\"},\"query-input\":{\"@type\":\"PropertyValueSpecification\",\"valueRequired\":true,\"valueName\":\"search_term_string\"}}],\"inLanguage\":\"en-US\"},{\"@type\":\"Organization\",\"@id\":\"https:\/\/bikesultoursgest.com\/#organization\",\"name\":\"Bikesul\",\"url\":\"https:\/\/bikesultoursgest.com\/\",\"logo\":{\"@type\":\"ImageObject\",\"inLanguage\":\"en-US\",\"@id\":\"https:\/\/bikesultoursgest.com\/#\/schema\/logo\/image\/\",\"url\":\"https:\/\/bikesultoursgest.com\/wp-content\/uploads\/2025\/02\/cropped-Branco-5.png\",\"contentUrl\":\"https:\/\/bikesultoursgest.com\/wp-content\/uploads\/2025\/02\/cropped-Branco-5.png\",\"width\":1920,\"height\":584,\"caption\":\"Bikesul\"},\"image\":{\"@id\":\"https:\/\/bikesultoursgest.com\/#\/schema\/logo\/image\/\"}}]}<\/script>\n<!-- \/ Yoast SEO plugin. -->","yoast_head_json":{"title":"Carvoeiro & Silves \u2013 Road Tour - Bikesul","robots":{"index":"noindex","follow":"follow","max-snippet":"max-snippet:-1","max-image-preview":"max-image-preview:large","max-video-preview":"max-video-preview:-1"},"og_locale":"en_US","og_type":"article","og_title":"Carvoeiro & Silves \u2013 Road Tour - Bikesul","og_description":"Guided tour that will take you to discover the famous town of Carvoeiro and the historic city of Silves!","og_url":"https:\/\/bikesultoursgest.com\/produto\/carvoeiro-e-silves-estrada\/","og_site_name":"Bikesul","article_modified_time":"2025-12-22T16:18:03+00:00","og_image":[{"width":1000,"height":667,"url":"http:\/\/bikesultoursgest.com\/wp-content\/uploads\/2025\/03\/IMG_5165.jpg","type":"image\/jpeg"}],"twitter_card":"summary_large_image","twitter_misc":{"Est. reading time":"1 minute"},"schema":{"@context":"https:\/\/schema.org","@graph":[{"@type":"WebPage","@id":"https:\/\/bikesultoursgest.com\/produto\/carvoeiro-e-silves-estrada\/","url":"https:\/\/bikesultoursgest.com\/produto\/carvoeiro-e-silves-estrada\/","name":"Carvoeiro & Silves \u2013 Road Tour - Bikesul","isPartOf":{"@id":"https:\/\/bikesultoursgest.com\/#website"},"primaryImageOfPage":{"@id":"https:\/\/bikesultoursgest.com\/produto\/carvoeiro-e-silves-estrada\/#primaryimage"},"image":{"@id":"https:\/\/bikesultoursgest.com\/produto\/carvoeiro-e-silves-estrada\/#primaryimage"},"thumbnailUrl":"https:\/\/bikesultoursgest.com\/wp-content\/uploads\/2025\/03\/IMG_5165.jpg","datePublished":"2025-03-12T16:02:53+00:00","dateModified":"2025-12-22T16:18:03+00:00","breadcrumb":{"@id":"https:\/\/bikesultoursgest.com\/produto\/carvoeiro-e-silves-estrada\/#breadcrumb"},"inLanguage":"en-US","potentialAction":[{"@type":"ReadAction","target":["https:\/\/bikesultoursgest.com\/produto\/carvoeiro-e-silves-estrada\/"]}]},{"@type":"ImageObject","inLanguage":"en-US","@id":"https:\/\/bikesultoursgest.com\/produto\/carvoeiro-e-silves-estrada\/#primaryimage","url":"https:\/\/bikesultoursgest.com\/wp-content\/uploads\/2025\/03\/IMG_5165.jpg","contentUrl":"https:\/\/bikesultoursgest.com\/wp-content\/uploads\/2025\/03\/IMG_5165.jpg","width":1000,"height":667},{"@type":"BreadcrumbList","@id":"https:\/\/bikesultoursgest.com\/produto\/carvoeiro-e-silves-estrada\/#breadcrumb","itemListElement":[{"@type":"ListItem","position":1,"name":"In\u00edcio","item":"https:\/\/bikesultoursgest.com\/en\/"},{"@type":"ListItem","position":2,"name":"Shop","item":"https:\/\/bikesultoursgest.com\/loja\/"},{"@type":"ListItem","position":3,"name":"Carvoeiro &#038; Silves \u2013 Road Tour"}]},{"@type":"WebSite","@id":"https:\/\/bikesultoursgest.com\/#website","url":"https:\/\/bikesultoursgest.com\/","name":"Bikesul","description":"Bike Tours, Rent a Bike, Shop &amp; Repairs","publisher":{"@id":"https:\/\/bikesultoursgest.com\/#organization"},"potentialAction":[{"@type":"SearchAction","target":{"@type":"EntryPoint","urlTemplate":"https:\/\/bikesultoursgest.com\/?s={search_term_string}"},"query-input":{"@type":"PropertyValueSpecification","valueRequired":true,"valueName":"search_term_string"}}],"inLanguage":"en-US"},{"@type":"Organization","@id":"https:\/\/bikesultoursgest.com\/#organization","name":"Bikesul","url":"https:\/\/bikesultoursgest.com\/","logo":{"@type":"ImageObject","inLanguage":"en-US","@id":"https:\/\/bikesultoursgest.com\/#\/schema\/logo\/image\/","url":"https:\/\/bikesultoursgest.com\/wp-content\/uploads\/2025\/02\/cropped-Branco-5.png","contentUrl":"https:\/\/bikesultoursgest.com\/wp-content\/uploads\/2025\/02\/cropped-Branco-5.png","width":1920,"height":584,"caption":"Bikesul"},"image":{"@id":"https:\/\/bikesultoursgest.com\/#\/schema\/logo\/image\/"}}]}},"_links":{"self":[{"href":"https:\/\/bikesultoursgest.com\/en\/wp-json\/wp\/v2\/product\/20731","targetHints":{"allow":["GET"]}}],"collection":[{"href":"https:\/\/bikesultoursgest.com\/en\/wp-json\/wp\/v2\/product"}],"about":[{"href":"https:\/\/bikesultoursgest.com\/en\/wp-json\/wp\/v2\/types\/product"}],"version-history":[{"count":0,"href":"https:\/\/bikesultoursgest.com\/en\/wp-json\/wp\/v2\/product\/20731\/revisions"}],"wp:featuredmedia":[{"embeddable":true,"href":"https:\/\/bikesultoursgest.com\/en\/wp-json\/wp\/v2\/media\/19610"}],"wp:attachment":[{"href":"https:\/\/bikesultoursgest.com\/en\/wp-json\/wp\/v2\/media?parent=20731"}],"wp:term":[{"taxonomy":"product_brand","embeddable":true,"href":"https:\/\/bikesultoursgest.com\/en\/wp-json\/wp\/v2\/product_brand?post=20731"},{"taxonomy":"product_cat","embeddable":true,"href":"https:\/\/bikesultoursgest.com\/en\/wp-json\/wp\/v2\/product_cat?post=20731"},{"taxonomy":"product_tag","embeddable":true,"href":"https:\/\/bikesultoursgest.com\/en\/wp-json\/wp\/v2\/product_tag?post=20731"}],"curies":[{"name":"wp","href":"https:\/\/api.w.org\/{rel}","templated":true}]}}